{"id":1556,"date":"2015-03-31T09:43:41","date_gmt":"2015-03-31T07:43:41","guid":{"rendered":"http:\/\/donoupoglou.gr\/wp\/?page_id=1556"},"modified":"2017-11-28T10:49:28","modified_gmt":"2017-11-28T08:49:28","slug":"kataloge","status":"publish","type":"page","link":"http:\/\/donoupoglou.gr\/wp\/language\/de\/kataloge\/","title":{"rendered":"Kataloge"},"content":{"rendered":"<p>Finden Sie Hier Kataloge und andere n\u00fctzliche Dokumente f\u00fcr die Produkte und Hersteller wir f\u00f6rdern und unterst\u00fctzen:<\/p>\n<p>&nbsp;<\/p>\n<p>&nbsp;<\/p>\n<table class=\"mceItemTable\" style=\"height: 394px; width: 584px;\" border=\"0\" align=\"center\">\n<tbody>\n<tr>\n<td><a title=\"\u039a\u03b1\u03c4\u03b1\u03bb\u03bf\u03b3\u03bf\u03b9 SKF\" href=\"http:\/\/donoupoglou.gr\/wp\/?page_id=10\"><img decoding=\"async\" loading=\"lazy\" class=\"aligncenter wp-image-204\" src=\"http:\/\/donoupoglou.gr\/wp\/wp-content\/uploads\/2015\/03\/SKF_authorized.jpg\" alt=\"SKF_authorized\" width=\"228\" height=\"170\" \/><\/a><\/td>\n<td><a href=\"http:\/\/donoupoglou.gr\/wp\/language\/en\/catalogues\/koyo-bearing-catalogues\/\"><img decoding=\"async\" loading=\"lazy\" class=\"aligncenter wp-image-2644 size-full\" src=\"http:\/\/donoupoglou.gr\/wp\/wp-content\/uploads\/2015\/03\/New-Koyo-logo-1.jpg\" alt=\"\" width=\"150\" height=\"150\" \/><\/a><\/td>\n<td><a href=\"http:\/\/donoupoglou.gr\/wp\/wp-content\/uploads\/2015\/03\/Goodyear-logo.jpg\"><img decoding=\"async\" loading=\"lazy\" class=\"aligncenter wp-image-171\" src=\"http:\/\/donoupoglou.gr\/wp\/wp-content\/uploads\/2015\/03\/Goodyear-logo.jpg\" alt=\"Goodyear-logo\" width=\"162\" height=\"162\" srcset=\"http:\/\/donoupoglou.gr\/wp\/wp-content\/uploads\/2015\/03\/Goodyear-logo.jpg 190w, http:\/\/donoupoglou.gr\/wp\/wp-content\/uploads\/2015\/03\/Goodyear-logo-150x150.jpg 150w\" sizes=\"(max-width: 162px) 100vw, 162px\" \/><\/a><\/td>\n<\/tr>\n<tr>\n<td><img decoding=\"async\" loading=\"lazy\" class=\"aligncenter wp-image-152\" src=\"http:\/\/donoupoglou.gr\/wp\/wp-content\/uploads\/2015\/03\/ferax-110x110.gif\" alt=\"ferax-110x110\" width=\"142\" height=\"142\" \/><\/td>\n<td style=\"text-align: center;\"><a href=\"http:\/\/donoupoglou.gr\/wp\/wp-content\/uploads\/2015\/03\/aba_logo.png\"><img decoding=\"async\" loading=\"lazy\" class=\"aligncenter wp-image-215\" src=\"http:\/\/donoupoglou.gr\/wp\/wp-content\/uploads\/2015\/03\/aba_logo.png\" alt=\"aba_logo\" width=\"205\" height=\"60\" \/><\/a><\/td>\n<td style=\"text-align: center;\"><a href=\"http:\/\/donoupoglou.gr\/wp\/wp-content\/uploads\/2015\/03\/Dormer.jpg\"><img decoding=\"async\" loading=\"lazy\" width=\"236\" height=\"94\" class=\"aligncenter size-full wp-image-164\" src=\"http:\/\/donoupoglou.gr\/wp\/wp-content\/uploads\/2015\/03\/Dormer.jpg\" alt=\"Dormer\" \/><\/a><\/td>\n<\/tr>\n<tr>\n<td style=\"text-align: center;\"><img decoding=\"async\" loading=\"lazy\" class=\" wp-image-208 aligncenter\" src=\"http:\/\/donoupoglou.gr\/wp\/wp-content\/uploads\/2015\/03\/spm.jpg\" alt=\"spm\" width=\"197\" height=\"66\" srcset=\"http:\/\/donoupoglou.gr\/wp\/wp-content\/uploads\/2015\/03\/spm.jpg 388w, http:\/\/donoupoglou.gr\/wp\/wp-content\/uploads\/2015\/03\/spm-300x101.jpg 300w\" sizes=\"(max-width: 197px) 100vw, 197px\" \/><\/td>\n<td style=\"text-align: center;\"><a href=\"http:\/\/donoupoglou.gr\/wp\/wp-content\/uploads\/2015\/03\/teng-tools.jpg\"><img decoding=\"async\" loading=\"lazy\" class=\"aligncenter wp-image-211\" src=\"http:\/\/donoupoglou.gr\/wp\/wp-content\/uploads\/2015\/03\/teng-tools.jpg\" alt=\"teng-tools\" width=\"187\" height=\"109\" srcset=\"http:\/\/donoupoglou.gr\/wp\/wp-content\/uploads\/2015\/03\/teng-tools.jpg 380w, http:\/\/donoupoglou.gr\/wp\/wp-content\/uploads\/2015\/03\/teng-tools-300x175.jpg 300w\" sizes=\"(max-width: 187px) 100vw, 187px\" \/><\/a><\/td>\n<td style=\"text-align: center;\"><a href=\"http:\/\/donoupoglou.gr\/wp\/wp-content\/uploads\/2015\/03\/3M.gif\"><img decoding=\"async\" loading=\"lazy\" class=\"aligncenter wp-image-149\" src=\"http:\/\/donoupoglou.gr\/wp\/wp-content\/uploads\/2015\/03\/3M.gif\" alt=\"3M\" width=\"189\" height=\"131\" \/><\/a><\/td>\n<\/tr>\n<tr>\n<td style=\"text-align: center;\"><a href=\"http:\/\/donoupoglou.gr\/wp\/wp-content\/uploads\/2015\/03\/lbrador_logo.png\"><img decoding=\"async\" loading=\"lazy\" width=\"180\" height=\"100\" class=\"aligncenter size-full wp-image-219\" src=\"http:\/\/donoupoglou.gr\/wp\/wp-content\/uploads\/2015\/03\/lbrador_logo.png\" alt=\"lbrador_logo\" \/><\/a><\/td>\n<td style=\"text-align: center;\"><a title=\"\u039a\u03b1\u03c4\u03b1\u03bb\u03bf\u03b3\u03bf\u03b9 IKO \u2013 EZO \u2013 PFI\" href=\"http:\/\/donoupoglou.gr\/wp\/?page_id=14\"><img decoding=\"async\" loading=\"lazy\" width=\"143\" height=\"68\" class=\"aligncenter size-full wp-image-175\" src=\"http:\/\/donoupoglou.gr\/wp\/wp-content\/uploads\/2015\/03\/iko_logo.jpg\" alt=\"iko_logo\" \/><\/a><\/td>\n<td style=\"text-align: center;\"><a href=\"http:\/\/donoupoglou.gr\/wp\/wp-content\/uploads\/2015\/03\/Guide-logo.jpg\"><img decoding=\"async\" loading=\"lazy\" width=\"188\" height=\"69\" class=\"aligncenter size-full wp-image-173\" src=\"http:\/\/donoupoglou.gr\/wp\/wp-content\/uploads\/2015\/03\/Guide-logo.jpg\" alt=\"Guide-logo\" \/><\/a><\/td>\n<\/tr>\n<tr>\n<td style=\"text-align: center;\"><a href=\"http:\/\/donoupoglou.gr\/wp\/wp-content\/uploads\/2015\/03\/LIMIT_LOGO.jpg\"><img decoding=\"async\" loading=\"lazy\" class=\"aligncenter wp-image-197\" src=\"http:\/\/donoupoglou.gr\/wp\/wp-content\/uploads\/2015\/03\/LIMIT_LOGO.jpg\" alt=\"LIMIT_LOGO\" width=\"281\" height=\"84\" srcset=\"http:\/\/donoupoglou.gr\/wp\/wp-content\/uploads\/2015\/03\/LIMIT_LOGO.jpg 397w, http:\/\/donoupoglou.gr\/wp\/wp-content\/uploads\/2015\/03\/LIMIT_LOGO-300x90.jpg 300w\" sizes=\"(max-width: 281px) 100vw, 281px\" \/><\/a><\/td>\n<td style=\"text-align: center;\"><a href=\"http:\/\/donoupoglou.gr\/wp\/wp-content\/uploads\/2015\/03\/loctite1.gif\"><img decoding=\"async\" loading=\"lazy\" width=\"225\" height=\"86\" class=\"aligncenter size-full wp-image-154\" src=\"http:\/\/donoupoglou.gr\/wp\/wp-content\/uploads\/2015\/03\/loctite1.gif\" alt=\"loctite1\" \/><\/a><\/td>\n<td style=\"text-align: center;\"><a href=\"http:\/\/donoupoglou.gr\/wp\/wp-content\/uploads\/2015\/03\/LUNA-LOGO-02.png\"><img decoding=\"async\" loading=\"lazy\" width=\"150\" height=\"100\" class=\"aligncenter size-full wp-image-220\" src=\"http:\/\/donoupoglou.gr\/wp\/wp-content\/uploads\/2015\/03\/LUNA-LOGO-02.png\" alt=\"LUNA-LOGO-02\" \/><\/a><\/td>\n<\/tr>\n<\/tbody>\n<\/table>\n<p>&nbsp;<\/p>\n","protected":false},"excerpt":{"rendered":"<p>Finden Sie Hier Kataloge und andere n\u00fctzliche Dokumente f\u00fcr die Produkte und Hersteller wir f\u00f6rdern und unterst\u00fctzen: &nbsp; &nbsp; &nbsp;<\/p>\n","protected":false},"author":1,"featured_media":0,"parent":0,"menu_order":0,"comment_status":"closed","ping_status":"closed","template":"fullwidth.php","meta":{"_mi_skip_tracking":false,"footnotes":""},"_links":{"self":[{"href":"http:\/\/donoupoglou.gr\/wp\/wp-json\/wp\/v2\/pages\/1556"}],"collection":[{"href":"http:\/\/donoupoglou.gr\/wp\/wp-json\/wp\/v2\/pages"}],"about":[{"href":"http:\/\/donoupoglou.gr\/wp\/wp-json\/wp\/v2\/types\/page"}],"author":[{"embeddable":true,"href":"http:\/\/donoupoglou.gr\/wp\/wp-json\/wp\/v2\/users\/1"}],"replies":[{"embeddable":true,"href":"http:\/\/donoupoglou.gr\/wp\/wp-json\/wp\/v2\/comments?post=1556"}],"version-history":[{"count":7,"href":"http:\/\/donoupoglou.gr\/wp\/wp-json\/wp\/v2\/pages\/1556\/revisions"}],"predecessor-version":[{"id":2648,"href":"http:\/\/donoupoglou.gr\/wp\/wp-json\/wp\/v2\/pages\/1556\/revisions\/2648"}],"wp:attachment":[{"href":"http:\/\/donoupoglou.gr\/wp\/wp-json\/wp\/v2\/media?parent=1556"}],"curies":[{"name":"wp","href":"https:\/\/api.w.org\/{rel}","templated":true}]}}